{"id":10,"date":"2018-10-08T12:31:19","date_gmt":"2018-10-08T10:31:19","guid":{"rendered":"http:\/\/www.institutorientzen.fr\/?page_id=10"},"modified":"2025-12-11T12:09:46","modified_gmt":"2025-12-11T11:09:46","slug":"idees-cadeaux","status":"publish","type":"page","link":"https:\/\/www.institutorientzen.fr\/index.php\/idees-cadeaux\/","title":{"rendered":"Id\u00e9es cadeaux"},"content":{"rendered":"\n<div class=\"wp-block-media-text is-stacked-on-mobile is-vertically-aligned-top\"><figure class=\"wp-block-media-text__media\"><img loading=\"lazy\" decoding=\"async\" width=\"940\" height=\"788\" src=\"https:\/\/www.institutorientzen.fr\/wp-content\/uploads\/2025\/12\/1764758449456-1.png\" alt=\"\" class=\"wp-image-1489 size-full\" srcset=\"https:\/\/www.institutorientzen.fr\/wp-content\/uploads\/2025\/12\/1764758449456-1.png 940w, https:\/\/www.institutorientzen.fr\/wp-content\/uploads\/2025\/12\/1764758449456-1-300x251.png 300w, https:\/\/www.institutorientzen.fr\/wp-content\/uploads\/2025\/12\/1764758449456-1-768x644.png 768w\" sizes=\"auto, (max-width: 940px) 100vw, 940px\" \/><\/figure><div class=\"wp-block-media-text__content\">\n<p class=\"has-text-align-center\"><strong><mark style=\"background-color:rgba(0, 0, 0, 0)\" class=\"has-inline-color has-black-color\"><em>Vous cherchez une id\u00e9e cadeau pour un \u00e9v\u00e9nement <\/em><\/mark><\/strong>?<\/p>\n\n\n\n<p><strong><mark style=\"background-color:rgba(0, 0, 0, 0)\" class=\"has-inline-color has-vivid-cyan-blue-color\">SPECIAL NO\u00cbL<\/mark><\/strong> <strong><mark style=\"background-color:#ff6900\" class=\"has-inline-color has-white-color\">Un ch\u00e8que cadeaux de 10 \u20ac \/ 20 \u20ac \/ 30\u20ac pour tous achats de bons cadeaux ou coffrets vous sera offert \u00e0 vous, oui \u00ab\u00a0vous\u00a0\u00bb qui allez faire plaisir \u00e0 un proche pour no\u00ebl \u00ab\u00a0offre exceptionnelle sur d\u00e9cembre.. \u00ab\u00a0<\/mark><\/strong><\/p>\n\n\n\n<p>&nbsp;<\/p>\n\n\n\n<p><\/p>\n\n\n\n<p><em>U<\/em><strong style=\"color: rgb(0, 0, 255);\">n ch\u00e8que cadeau d&rsquo;un montant libre ou bien un soin de votre choix.<\/strong><span style=\"color: #ff00ff;\"><em><span style=\"color: #0000ff;\">Vous pouvez le commander en vous rendant sur la fiche contact. Remplissez le formulaire et expliquez en deux mots votre demande.<\/span>&nbsp;<a href=\"https:\/\/www.institutorientzen.fr\/index.php\/contact\/\">https:\/\/www.institutorientzen.fr\/index.php\/contact\/<\/a><\/em><\/span><\/p>\n\n\n\n<p><strong><span style=\"color: #0000ff;\"><em>Votre bon peut \u00eatre envoy\u00e9 \u00e0 la personne de votre choix par mail.<\/em><\/span><\/strong><\/p>\n\n\n\n<p><\/p>\n<\/div><\/div>\n\n\n\n<p>&nbsp;<strong style=\"font-size: revert; color: initial;\">Besoin de + d&rsquo;infos ? Appelez d\u00e8s maintenant au 0688088565<\/strong><\/p>\n\n\n\n<p><strong><em>Pour des id\u00e9es cadeaux de no\u00ebl ou d&rsquo;anniversaire, ou les offres et nouveaut\u00e9s du moment: cliquez par ici ..\u21d2 <\/em><\/strong><a href=\"https:\/\/www.institutorientzen.fr\/index.php\/nouveautes-et-bons-plans-beaute\/\">infos et offres du moment \u2013 Institut de beaut\u00e9 Orient Zen (institutorientzen.fr)<\/a><\/p>\n\n\n\n<p><\/p>\n","protected":false},"excerpt":{"rendered":"<p>Vous cherchez une id\u00e9e cadeau pour un \u00e9v\u00e9nement ? SPECIAL NO\u00cbL Un ch\u00e8que cadeaux de 10 \u20ac \/ 20 \u20ac &hellip; <\/p>\n<p><a href=\"https:\/\/www.institutorientzen.fr\/index.php\/idees-cadeaux\/\" class=\"more-link\">Lire la suite<\/a><\/p>\n","protected":false},"author":1,"featured_media":0,"parent":0,"menu_order":0,"comment_status":"closed","ping_status":"closed","template":"","meta":{"footnotes":""},"class_list":["post-10","page","type-page","status-publish","hentry"],"_links":{"self":[{"href":"https:\/\/www.institutorientzen.fr\/index.php\/wp-json\/wp\/v2\/pages\/10","targetHints":{"allow":["GET"]}}],"collection":[{"href":"https:\/\/www.institutorientzen.fr\/index.php\/wp-json\/wp\/v2\/pages"}],"about":[{"href":"https:\/\/www.institutorientzen.fr\/index.php\/wp-json\/wp\/v2\/types\/page"}],"author":[{"embeddable":true,"href":"https:\/\/www.institutorientzen.fr\/index.php\/wp-json\/wp\/v2\/users\/1"}],"replies":[{"embeddable":true,"href":"https:\/\/www.institutorientzen.fr\/index.php\/wp-json\/wp\/v2\/comments?post=10"}],"version-history":[{"count":26,"href":"https:\/\/www.institutorientzen.fr\/index.php\/wp-json\/wp\/v2\/pages\/10\/revisions"}],"predecessor-version":[{"id":1498,"href":"https:\/\/www.institutorientzen.fr\/index.php\/wp-json\/wp\/v2\/pages\/10\/revisions\/1498"}],"wp:attachment":[{"href":"https:\/\/www.institutorientzen.fr\/index.php\/wp-json\/wp\/v2\/media?parent=10"}],"curies":[{"name":"wp","href":"https:\/\/api.w.org\/{rel}","templated":true}]}}