{"id":108,"date":"2018-10-10T15:00:32","date_gmt":"2018-10-10T13:00:32","guid":{"rendered":"http:\/\/www.institutorientzen.fr\/?page_id=108"},"modified":"2025-12-10T16:48:16","modified_gmt":"2025-12-10T15:48:16","slug":"composez-votre-rituel-soin","status":"publish","type":"page","link":"https:\/\/www.institutorientzen.fr\/index.php\/composez-votre-rituel-soin\/","title":{"rendered":"Composez votre rituel soin&#8230;"},"content":{"rendered":"<div>\n<div>\n<div>\n<p><em><strong><span style=\"color: #99cc00;\">Au plus pr\u00e9s de vous&#8230; composez votre rituel<\/span><\/strong><\/em><\/p>\n<\/div>\n<div>\n<p>Massage dos, cr\u00e2nien, mains, gommage dos, visage etc&#8230; voyagez gr\u00e2ce \u00e0 un massage soin sur mesure, selon le, les besoins du moment.<\/p>\n<\/div>\n<div>\n<p>Le protocole se d\u00e9roulera tout en fluidit\u00e9.<\/p>\n<\/div>\n<div>\n<p>L\u2019objectif est, sans conteste, une relaxation globale du corps et de l\u2019esprit, pour un profond bien-\u00eatre<\/p>\n<\/div>\n<div>\n<p><span style=\"color: #339966;\"><strong><span style=\"color: #99cc00;\">49\u20ac<\/span><span style=\"color: #000000;\">45\u2019<\/span><\/strong><\/span><\/p>\n<\/div>\n<div>\n<p>Massage Originel <span style=\"color: #339966;\"><strong><span style=\"color: #99cc00;\">69 \u20ac<\/span> <span style=\"color: #000000;\">1 H<\/span><\/strong><\/span><\/p>\n<\/div>\n<div>\n<p>Ce massage est une cr\u00e9ation unique et personnalis\u00e9e, il repose sur 37 ans d\u2019exp\u00e9rience.<\/p>\n<\/div>\n<\/div>\n<\/div>\n<p>R\u00e9flexologie Plantaire (20&prime;) \u00a0<span style=\"color: #99cc00;\"><strong>35 \u20ac<\/strong><\/span><\/p>\n<p>Modelage d\u00e9tente dos (20&prime;) \u00a0<span style=\"color: #99cc00;\"><strong>35 \u20ac<\/strong><\/span><\/p>\n<p>Modelage du visage\u00a0 ou cr\u00e2ne (20&prime;)\u00a0<span style=\"color: #99cc00;\"><strong>35 \u20ac<\/strong><\/span><\/p>\n<p>Modelage de la vo\u00fbte plantaire \u00e0 la nuque th\u00e8me au choix (45\u2019)<span style=\"color: #99cc00;\"> 49<strong>\u00a0\u20ac<\/strong><\/span><\/p>\n<blockquote>\n<p><strong><em>Pour des informations et\/ou offres du moment\u21d2 <\/em><\/strong><a href=\"https:\/\/www.institutorientzen.fr\/index.php\/nouveautes-et-bons-plans-beaute\/\">infos et offres du moment \u2013 Institut de beaut\u00e9 Orient Zen (institutorientzen.fr)<\/a><\/p>\n<p><em><strong>Pour commander en ligne un cadeau ou un RDV c&rsquo;est par ici<\/strong> <\/em><a href=\"https:\/\/www.institutorientzen.fr\/index.php\/contact\/\">Contact \u2013 Institut de beaut\u00e9 Orient Zen<\/a><\/p>\n<\/blockquote>\n\n\n<div class=\"wp-block-media-text alignwide is-stacked-on-mobile\" style=\"grid-template-columns:17% auto\"><figure class=\"wp-block-media-text__media\"><a href=\"https:\/\/www.institutorientzen.fr\/index.php\/contact\/\"><img loading=\"lazy\" decoding=\"async\" width=\"421\" height=\"460\" src=\"https:\/\/www.institutorientzen.fr\/wp-content\/uploads\/2025\/10\/box-jacasa.png\" alt=\"\" class=\"wp-image-1356 size-full\" srcset=\"https:\/\/www.institutorientzen.fr\/wp-content\/uploads\/2025\/10\/box-jacasa.png 421w, https:\/\/www.institutorientzen.fr\/wp-content\/uploads\/2025\/10\/box-jacasa-275x300.png 275w\" sizes=\"auto, (max-width: 421px) 100vw, 421px\" \/><\/a><\/figure><div class=\"wp-block-media-text__content\">\n<div class=\"wp-block-group\"><div class=\"wp-block-group__inner-container is-layout-flow wp-block-group-is-layout-flow\">\n<p class=\"has-text-align-center\">Il existe mille et une possibilit\u00e9s de faire plaisir ..\u00e0 partir de 10 \u20ac&#8230;lancez-vous&#8230;CLIQUEZ SUR LA PHOTO !!!<\/p>\n<\/div><\/div>\n\n\n\n<p><\/p>\n<\/div><\/div>\n","protected":false},"excerpt":{"rendered":"<p>Au plus pr\u00e9s de vous&#8230; composez votre rituel Massage dos, cr\u00e2nien, mains, gommage dos, visage etc&#8230; voyagez gr\u00e2ce \u00e0 un &hellip; <\/p>\n<p><a href=\"https:\/\/www.institutorientzen.fr\/index.php\/composez-votre-rituel-soin\/\" class=\"more-link\">Lire la suite<\/a><\/p>\n","protected":false},"author":1,"featured_media":75,"parent":0,"menu_order":0,"comment_status":"closed","ping_status":"closed","template":"","meta":{"footnotes":""},"class_list":["post-108","page","type-page","status-publish","has-post-thumbnail","hentry"],"_links":{"self":[{"href":"https:\/\/www.institutorientzen.fr\/index.php\/wp-json\/wp\/v2\/pages\/108","targetHints":{"allow":["GET"]}}],"collection":[{"href":"https:\/\/www.institutorientzen.fr\/index.php\/wp-json\/wp\/v2\/pages"}],"about":[{"href":"https:\/\/www.institutorientzen.fr\/index.php\/wp-json\/wp\/v2\/types\/page"}],"author":[{"embeddable":true,"href":"https:\/\/www.institutorientzen.fr\/index.php\/wp-json\/wp\/v2\/users\/1"}],"replies":[{"embeddable":true,"href":"https:\/\/www.institutorientzen.fr\/index.php\/wp-json\/wp\/v2\/comments?post=108"}],"version-history":[{"count":20,"href":"https:\/\/www.institutorientzen.fr\/index.php\/wp-json\/wp\/v2\/pages\/108\/revisions"}],"predecessor-version":[{"id":1488,"href":"https:\/\/www.institutorientzen.fr\/index.php\/wp-json\/wp\/v2\/pages\/108\/revisions\/1488"}],"wp:featuredmedia":[{"embeddable":true,"href":"https:\/\/www.institutorientzen.fr\/index.php\/wp-json\/wp\/v2\/media\/75"}],"wp:attachment":[{"href":"https:\/\/www.institutorientzen.fr\/index.php\/wp-json\/wp\/v2\/media?parent=108"}],"curies":[{"name":"wp","href":"https:\/\/api.w.org\/{rel}","templated":true}]}}