{"id":11,"date":"2018-10-08T12:31:19","date_gmt":"2018-10-08T10:31:19","guid":{"rendered":"http:\/\/www.institutorientzen.fr\/?page_id=11"},"modified":"2025-11-28T15:39:44","modified_gmt":"2025-11-28T14:39:44","slug":"contact","status":"publish","type":"page","link":"https:\/\/www.institutorientzen.fr\/index.php\/contact\/","title":{"rendered":"Prendre RDV &#8211; Contact"},"content":{"rendered":"<p>&nbsp;<\/p>\n<p><span style=\"color: #0000ff;\"><a style=\"color: #0000ff;\" href=\"https:\/\/www.institutorientzen.fr\/index.php\/nouveautes-et-bons-plans-beaute\/\">Fermeture exceptionnelle<\/a> <\/span>le Samedi 17\/\u00a0 Mercredi 28\/ jeudi 29 Janvier 2026 pour formation !!!<\/p>\n<p><span style=\"color: #000000;\">Pour nous contacter, appelez au 02 51 41 14 20 ou\u200f<\/span><\/p>\n<p><strong><span style=\"color: #00ff00;\"><span style=\"color: #000000;\">Mode communication pr\u00e9f\u00e9r\u00e9 <\/span><\/span><\/strong><strong>SMS <\/strong><strong><span style=\"color: #00ff00;\">W<\/span><\/strong><strong><span style=\"color: #00ff00;\">hatsApp<\/span> 06 88 08 85 65\u00a0 <\/strong><\/p>\n<p>Aussi sur <span style=\"color: #0000ff;\"><a style=\"color: #0000ff;\" href=\"https:\/\/www.facebook.com\/Orientzen\">Institut de beaut\u00e9 orient&rsquo;zen | Belleville-sur-Vie | Facebook<\/a><\/span><\/p>\n<p><span style=\"color: #0000ff;\">ou <a style=\"color: #0000ff;\" href=\"https:\/\/www.instagram.com\/institutorientzen\/\">institut orient&rsquo;zen (@institutorientzen) \u2022 Photos et vid\u00e9os Instagram<\/a><\/span><\/p>\n<p>ou bien remplissez le formulaire ci-dessous et nous vous recontacteront dans les meilleurs d\u00e9lais !<\/p>\n<p><strong><span style=\"color: #000000;\">Vous souhaitez commander un bon cadeau?<\/span><\/strong> Remplissez le formulaire ci dessous espace \u00a0\u00bb <strong><span class=\"has-inline-color\">votre message<\/span><\/strong> \u00a0\u00bb A r\u00e9ception de ce formulaire rempli, nous vous feront parvenir un IBAN si vous souhaitez r\u00e9gler par virement. Le <span class=\"il\">bon<\/span>\u00a0<span class=\"il\">cadeau<\/span> sera disponible et exp\u00e9di\u00e9 une fois votre virement visible sur le compte.\u00a0Bien remplir le libell\u00e9 du virement avec vos noms et pr\u00e9noms afin que nous sachions qui est \u00e0 l&rsquo;origine du virement.<\/p>\n<div dir=\"auto\">Ensuite nous vous l&rsquo;envoyons par mail et vous l&rsquo;imprimez, ou nous l&rsquo;envoyons \u00e0 l&rsquo;adresse de votre choix.<\/div>\n<div dir=\"auto\">C&rsquo;est tr\u00e8s simple.<\/div>\n<div class=\"wp-block-contact-form-7-contact-form-selector\">\n<div id=\"wpcf7-f179-p862-o1\" class=\"wpcf7\" dir=\"ltr\" lang=\"fr-FR\" role=\"form\"><\/div>\n<\/div>\n\n<div class=\"wpcf7 no-js\" id=\"wpcf7-f179-o1\" lang=\"fr-FR\" dir=\"ltr\" data-wpcf7-id=\"179\">\n<div class=\"screen-reader-response\"><p role=\"status\" aria-live=\"polite\" aria-atomic=\"true\"><\/p> <ul><\/ul><\/div>\n<form action=\"\/index.php\/wp-json\/wp\/v2\/pages\/11#wpcf7-f179-o1\" method=\"post\" class=\"wpcf7-form init\" aria-label=\"Formulaire de contact\" novalidate=\"novalidate\" data-status=\"init\">\n<fieldset class=\"hidden-fields-container\"><input type=\"hidden\" name=\"_wpcf7\" value=\"179\" \/><input type=\"hidden\" name=\"_wpcf7_version\" value=\"6.1.5\" \/><input type=\"hidden\" name=\"_wpcf7_locale\" value=\"fr_FR\" \/><input type=\"hidden\" name=\"_wpcf7_unit_tag\" value=\"wpcf7-f179-o1\" \/><input type=\"hidden\" name=\"_wpcf7_container_post\" value=\"0\" \/><input type=\"hidden\" name=\"_wpcf7_posted_data_hash\" value=\"\" \/>\n<\/fieldset>\n<p><label> Votre nom (obligatoire)<br \/>\n<span class=\"wpcf7-form-control-wrap\" data-name=\"your-name\"><input size=\"40\" maxlength=\"400\" class=\"wpcf7-form-control wpcf7-text wpcf7-validates-as-required\" aria-required=\"true\" aria-invalid=\"false\" value=\"\" type=\"text\" name=\"your-name\" \/><\/span> <\/label>\n<\/p>\n<p><label>Votre t\u00e9l (obligatoire)<br \/>\n<span class=\"wpcf7-form-control-wrap\" data-name=\"tel-68\"><input size=\"40\" maxlength=\"400\" class=\"wpcf7-form-control wpcf7-tel wpcf7-validates-as-required wpcf7-text wpcf7-validates-as-tel\" aria-required=\"true\" aria-invalid=\"false\" value=\"\" type=\"tel\" name=\"tel-68\" \/><\/span> <\/label>\n<\/p>\n<p><label> Votre adresse de messagerie (obligatoire)<br \/>\n<span class=\"wpcf7-form-control-wrap\" data-name=\"your-email\"><input size=\"40\" maxlength=\"400\" class=\"wpcf7-form-control wpcf7-email wpcf7-validates-as-required wpcf7-text wpcf7-validates-as-email\" aria-required=\"true\" aria-invalid=\"false\" value=\"\" type=\"email\" name=\"your-email\" \/><\/span> <\/label>\n<\/p>\n<p><label> Objet<br \/>\n<span class=\"wpcf7-form-control-wrap\" data-name=\"your-subject\"><input size=\"40\" maxlength=\"400\" class=\"wpcf7-form-control wpcf7-text\" aria-invalid=\"false\" value=\"\" type=\"text\" name=\"your-subject\" \/><\/span> <\/label>\n<\/p>\n<p><label> Votre message<br \/>\n<span class=\"wpcf7-form-control-wrap\" data-name=\"your-message\"><textarea cols=\"40\" rows=\"10\" maxlength=\"2000\" class=\"wpcf7-form-control wpcf7-textarea\" aria-invalid=\"false\" name=\"your-message\"><\/textarea><\/span> <\/label>\n<\/p>\n<p><input class=\"wpcf7-form-control wpcf7-submit has-spinner\" type=\"submit\" value=\"Envoyer\" \/>\n<\/p><div class=\"wpcf7-response-output\" aria-hidden=\"true\"><\/div>\n<\/form>\n<\/div>\n\n","protected":false},"excerpt":{"rendered":"<p>&nbsp; Fermeture exceptionnelle le Samedi 17\/\u00a0 Mercredi 28\/ jeudi 29 Janvier 2026 pour formation !!! Pour nous contacter, appelez au &hellip; <\/p>\n<p><a href=\"https:\/\/www.institutorientzen.fr\/index.php\/contact\/\" class=\"more-link\">Lire la suite<\/a><\/p>\n","protected":false},"author":1,"featured_media":0,"parent":0,"menu_order":0,"comment_status":"closed","ping_status":"closed","template":"","meta":{"footnotes":""},"class_list":["post-11","page","type-page","status-publish","hentry"],"_links":{"self":[{"href":"https:\/\/www.institutorientzen.fr\/index.php\/wp-json\/wp\/v2\/pages\/11","targetHints":{"allow":["GET"]}}],"collection":[{"href":"https:\/\/www.institutorientzen.fr\/index.php\/wp-json\/wp\/v2\/pages"}],"about":[{"href":"https:\/\/www.institutorientzen.fr\/index.php\/wp-json\/wp\/v2\/types\/page"}],"author":[{"embeddable":true,"href":"https:\/\/www.institutorientzen.fr\/index.php\/wp-json\/wp\/v2\/users\/1"}],"replies":[{"embeddable":true,"href":"https:\/\/www.institutorientzen.fr\/index.php\/wp-json\/wp\/v2\/comments?post=11"}],"version-history":[{"count":24,"href":"https:\/\/www.institutorientzen.fr\/index.php\/wp-json\/wp\/v2\/pages\/11\/revisions"}],"predecessor-version":[{"id":1483,"href":"https:\/\/www.institutorientzen.fr\/index.php\/wp-json\/wp\/v2\/pages\/11\/revisions\/1483"}],"wp:attachment":[{"href":"https:\/\/www.institutorientzen.fr\/index.php\/wp-json\/wp\/v2\/media?parent=11"}],"curies":[{"name":"wp","href":"https:\/\/api.w.org\/{rel}","templated":true}]}}