{"id":111,"date":"2018-10-10T15:04:53","date_gmt":"2018-10-10T13:04:53","guid":{"rendered":"http:\/\/www.institutorientzen.fr\/?page_id=111"},"modified":"2025-11-20T18:04:07","modified_gmt":"2025-11-20T17:04:07","slug":"modelage-relaxants","status":"publish","type":"page","link":"https:\/\/www.institutorientzen.fr\/index.php\/modelage-relaxants\/","title":{"rendered":"MASSAGES RELAXANTS"},"content":{"rendered":"\n<figure class=\"wp-block-image size-full\"><img loading=\"lazy\" decoding=\"async\" width=\"1011\" height=\"715\" src=\"https:\/\/www.institutorientzen.fr\/wp-content\/uploads\/2025\/11\/Capture-decran-2025-11-20-.png\" alt=\"\" class=\"wp-image-1477\" srcset=\"https:\/\/www.institutorientzen.fr\/wp-content\/uploads\/2025\/11\/Capture-decran-2025-11-20-.png 1011w, https:\/\/www.institutorientzen.fr\/wp-content\/uploads\/2025\/11\/Capture-decran-2025-11-20--300x212.png 300w, https:\/\/www.institutorientzen.fr\/wp-content\/uploads\/2025\/11\/Capture-decran-2025-11-20--768x543.png 768w\" sizes=\"auto, (max-width: 1011px) 100vw, 1011px\" \/><\/figure>\n\n\n\n<div class=\"wp-block-media-text is-stacked-on-mobile is-vertically-aligned-top\" style=\"grid-template-columns:26% auto\"><figure class=\"wp-block-media-text__media\"><img loading=\"lazy\" decoding=\"async\" width=\"1024\" height=\"499\" src=\"https:\/\/www.institutorientzen.fr\/wp-content\/uploads\/2025\/10\/bali-pass-1024x499.png\" alt=\"\" class=\"wp-image-1415 size-full\" srcset=\"https:\/\/www.institutorientzen.fr\/wp-content\/uploads\/2025\/10\/bali-pass-1024x499.png 1024w, https:\/\/www.institutorientzen.fr\/wp-content\/uploads\/2025\/10\/bali-pass-300x146.png 300w, https:\/\/www.institutorientzen.fr\/wp-content\/uploads\/2025\/10\/bali-pass-768x374.png 768w, https:\/\/www.institutorientzen.fr\/wp-content\/uploads\/2025\/10\/bali-pass.png 1151w\" sizes=\"auto, (max-width: 1024px) 100vw, 1024px\" \/><\/figure><div class=\"wp-block-media-text__content\">\n<details class=\"wp-block-details\"><summary><strong><em><mark style=\"background-color:rgba(0, 0, 0, 0)\" class=\"has-inline-color has-black-color is-layout-flow wp-block-details-is-layout-flow\">Massage inspiration Bali&#8230;&nbsp;<\/mark><\/em><\/strong><\/summary>\n<p><strong><mark style=\"background-color:#7bdcb5\" class=\"has-inline-color\">Massage escale \u00e0 Bali:<\/mark><\/strong> 1H <strong>69 \u20ac<\/strong> \u00ab\u00a0<em><strong>&nbsp;imaginez<\/strong>&nbsp;<\/em>un voyage sensoriel au c\u0153ur de Bali, l\u00e0 o\u00f9 la s\u00e9r\u00e9nit\u00e9 et le bien-\u00eatre s&rsquo;entrelacent. Le massage \u00ab\u00a0Escale \u00e0 Bali\u00a0\u00bb est une invitation \u00e0 l&rsquo;\u00e9vasion. Il combine des techniques traditionnelles balinaises, connues pour leurs mouvements fluides et rythm\u00e9s. Chaque geste est un hommage \u00e0 l&rsquo;harmonie entre le corps et l&rsquo;esprit, visant \u00e0 lib\u00e9rer les tensions accumul\u00e9es et \u00e0 revitaliser<strong>&nbsp;l&rsquo;\u00e9nergie int\u00e9rieure<\/strong>.&nbsp;<em>C&rsquo;est une exp\u00e9rience holistique, un v\u00e9ritable bain de jouvence pour le corps et l&rsquo;esprit.<\/em>&nbsp;Un moment suspendu o\u00f9 l&rsquo;on oublie le quotidien pour se reconnecter \u00e0 soi-m\u00eame.<\/p>\n<\/details>\n<\/div><\/div>\n\n\n\n<div class=\"wp-block-media-text alignwide is-stacked-on-mobile is-vertically-aligned-top\" style=\"grid-template-columns:26% auto\"><figure class=\"wp-block-media-text__media\"><img loading=\"lazy\" decoding=\"async\" width=\"850\" height=\"576\" src=\"https:\/\/www.institutorientzen.fr\/wp-content\/uploads\/2025\/10\/Capture-decran-2025-10-18-111310.png\" alt=\"\" class=\"wp-image-1421 size-full\" srcset=\"https:\/\/www.institutorientzen.fr\/wp-content\/uploads\/2025\/10\/Capture-decran-2025-10-18-111310.png 850w, https:\/\/www.institutorientzen.fr\/wp-content\/uploads\/2025\/10\/Capture-decran-2025-10-18-111310-300x203.png 300w, https:\/\/www.institutorientzen.fr\/wp-content\/uploads\/2025\/10\/Capture-decran-2025-10-18-111310-768x520.png 768w\" sizes=\"auto, (max-width: 850px) 100vw, 850px\" \/><\/figure><div class=\"wp-block-media-text__content\">\n<details class=\"wp-block-details\"><summary><strong><em><mark style=\"background-color:rgba(0, 0, 0, 0)\" class=\"has-inline-color has-black-color is-layout-flow wp-block-details-is-layout-flow\">Massage enfant d\u00e9couvrez&#8230;<\/mark><\/em><\/strong><\/summary>\n<p><strong><span class=\"has-inline-color has-black-color\">Massage enfants<\/span> <\/strong>45&prime; <strong><span class=\"has-inline-color has-luminous-vivid-orange-color\">40 \u20ac<\/span>  Les bienfaits du massage chez les enfants<\/strong>:, Permet d&rsquo;\u00eatre plus calme et plus concentr\u00e9, abaisse le niveau de stress en bloquant le cortisol et en stimulant l&rsquo;ocytocine (hormone du bien \u00eatre). S\u00e9curise et favorise le sommeil. Valorise l&rsquo;estime de soi, la confiance en soi et en l&rsquo;autre. Augmente la conscience du corps. Am\u00e9liore la gestion des \u00e9motions en diminuant l&rsquo;agressivit\u00e9. Apporte un rel\u00e2chement musculaire et une diminution des douleurs. <strong>Les bienfaits du massage sur la relation parent\/enfants<\/strong>: consolide le lien d&rsquo;attachement, d\u00e9veloppe la confiance et la complicit\u00e9. Cr\u00e9e une \u00e9coute commune. Etablit un rapprochement pouvant r\u00e9duire les conflits.<mark style=\"background-color:rgba(0, 0, 0, 0)\" class=\"has-inline-color has-vivid-red-color\"><strong>\u00a0\u00bb Le massage sur l&rsquo;enfant \u00e0 l&rsquo;institut ne sera effectu\u00e9 qu&rsquo;avec la pr\u00e9sence d&rsquo;au moins un parent<\/strong>, <strong>et seulement si l&rsquo;enfant le souhaite.\u00a0\u00bb<\/strong><\/mark><\/p>\n<\/details>\n<\/div><\/div>\n\n\n\n<div class=\"wp-block-media-text alignwide is-stacked-on-mobile is-vertically-aligned-top\" style=\"grid-template-columns:26% auto\"><figure class=\"wp-block-media-text__media\"><img loading=\"lazy\" decoding=\"async\" width=\"300\" height=\"150\" src=\"https:\/\/www.institutorientzen.fr\/wp-content\/uploads\/2020\/10\/cranien-2.jpg\" alt=\"\" class=\"wp-image-790 size-full\"\/><\/figure><div class=\"wp-block-media-text__content\">\n<details class=\"wp-block-details\"><summary><em><strong><mark style=\"background-color:rgba(0, 0, 0, 0)\" class=\"has-inline-color has-black-color is-layout-flow wp-block-details-is-layout-flow\">Le massage au plus pr\u00e9s de vous&#8230;composez votre rituel cr\u00e2nien, le shirotchampi, dos, mains, visage&#8230;<\/mark><\/strong><\/em><\/summary>\n<p>Le voyage d\u00e9bute par un modelage du dos pour vous amener \u00e0 la d\u00e9tente progressivement, se poursuit par un modelage cr\u00e2nien le shirotchampi. Le protocole se d\u00e9roule en toute fluidit\u00e9 du visage au cr\u00e2ne. L&rsquo;objectif du shirotchampi est, sans conteste, une relaxation globale du corps et de l&rsquo;esprit, pour un profond bien \u00eatre. 45&prime; <strong><mark style=\"background-color:rgba(0, 0, 0, 0)\" class=\"has-inline-color has-luminous-vivid-orange-color\">49 \u20ac<\/mark><\/strong><\/p>\n<\/details>\n<\/div><\/div>\n\n\n\n<div class=\"wp-block-media-text alignwide is-stacked-on-mobile is-vertically-aligned-top\" style=\"grid-template-columns:26% auto\"><figure class=\"wp-block-media-text__media\"><img loading=\"lazy\" decoding=\"async\" width=\"276\" height=\"182\" src=\"https:\/\/www.institutorientzen.fr\/wp-content\/uploads\/2020\/10\/ethnique-2.jpg\" alt=\"\" class=\"wp-image-791 size-full\"\/><\/figure><div class=\"wp-block-media-text__content\">\n<details class=\"wp-block-details\"><summary><strong><em><mark style=\"background-color:rgba(0, 0, 0, 0)\" class=\"has-inline-color has-black-color is-layout-flow wp-block-details-is-layout-flow\">Le massage ethnique&#8230;<\/mark><\/em><\/strong><\/summary>\n<p>Ce massage vous transporte \u00e0 zanzibar, en vous offrant une relaxation globale musculaire, gr\u00e2ce, en partie, \u00e0 ses diff\u00e9rentes man\u0153uvres, dont les percussions, qui vous \u00e9tonneront tellement leur efficacit\u00e9 est surprenante. 60&prime; <strong><span class=\"has-inline-color has-luminous-vivid-orange-color\">69\u20ac<\/span><\/strong><\/p>\n<\/details>\n<\/div><\/div>\n\n\n\n<div class=\"wp-block-media-text alignwide is-stacked-on-mobile is-vertically-aligned-top\" style=\"grid-template-columns:26% auto\"><figure class=\"wp-block-media-text__media\"><img loading=\"lazy\" decoding=\"async\" width=\"308\" height=\"164\" src=\"https:\/\/www.institutorientzen.fr\/wp-content\/uploads\/2020\/10\/suedois.jpg\" alt=\"\" class=\"wp-image-786 size-full\" srcset=\"https:\/\/www.institutorientzen.fr\/wp-content\/uploads\/2020\/10\/suedois.jpg 308w, https:\/\/www.institutorientzen.fr\/wp-content\/uploads\/2020\/10\/suedois-300x160.jpg 300w\" sizes=\"auto, (max-width: 308px) 100vw, 308px\" \/><\/figure><div class=\"wp-block-media-text__content\">\n<details class=\"wp-block-details\"><summary><em><strong><mark style=\"background-color:rgba(0, 0, 0, 0)\" class=\"has-inline-color has-black-color is-layout-flow wp-block-details-is-layout-flow\">Le massage Norv\u00e9gien&#8230;<\/mark><\/strong><\/em><\/summary>\n<p><mark style=\"background-color:rgba(0, 0, 0, 0)\" class=\"has-inline-color has-black-color\">Ce massage relaxant pour l\u2019hiver vous transporte sous les aurores Bor\u00e9ales..il vo&nbsp;r\u00e9chauffe, revigore, ravive, vous calme, vous apaise. 60&prime; <\/mark><strong><em><mark style=\"background-color:rgba(0, 0, 0, 0)\" class=\"has-inline-color has-black-color\"><em><strong><span class=\"has-inline-color has-luminous-vivid-orange-color\">69\u20ac<\/span><\/strong><\/em><\/mark><\/em><\/strong><\/p>\n<\/details>\n<\/div><\/div>\n\n\n\n<div class=\"wp-block-media-text alignwide is-stacked-on-mobile is-vertically-aligned-top\" style=\"grid-template-columns:26% auto\"><figure class=\"wp-block-media-text__media\"><img loading=\"lazy\" decoding=\"async\" width=\"313\" height=\"161\" src=\"https:\/\/www.institutorientzen.fr\/wp-content\/uploads\/2020\/10\/californien.jpg\" alt=\"\" class=\"wp-image-787 size-full\" srcset=\"https:\/\/www.institutorientzen.fr\/wp-content\/uploads\/2020\/10\/californien.jpg 313w, https:\/\/www.institutorientzen.fr\/wp-content\/uploads\/2020\/10\/californien-300x154.jpg 300w\" sizes=\"auto, (max-width: 313px) 100vw, 313px\" \/><\/figure><div class=\"wp-block-media-text__content\">\n<details class=\"wp-block-details is-layout-flow wp-block-details-is-layout-flow\"><summary><strong><em>Modelage Californien<\/em>&#8230;.<\/strong><\/summary>\n<p><em>Modelage des orteils au cuir chevelu. Lib\u00e8re les tensions li\u00e9es au stress et \u00e0 la fatigue, accumul\u00e9es au niveau du corps.<\/em> 60&prime; <strong><span class=\"has-inline-color has-luminous-vivid-orange-color\">69 \u20ac<\/span><\/strong><\/p>\n<\/details>\n<\/div><\/div>\n\n\n\n<div class=\"wp-block-media-text alignwide is-stacked-on-mobile is-vertically-aligned-top\" style=\"grid-template-columns:26% auto\"><figure class=\"wp-block-media-text__media\"><img loading=\"lazy\" decoding=\"async\" width=\"275\" height=\"183\" src=\"https:\/\/www.institutorientzen.fr\/wp-content\/uploads\/2020\/10\/hawaien-2.jpg\" alt=\"\" class=\"wp-image-788 size-full\"\/><\/figure><div class=\"wp-block-media-text__content\">\n<details class=\"wp-block-details\"><summary><strong><span class=\"has-inline-color has-black-color is-layout-flow wp-block-details-is-layout-flow\">Modelage hawa\u00efen:<\/span> <\/strong><\/summary>\n<p>Ou lomi-lomi, le modelage hawa\u00efen se pratique avec les mains et les avant bras, les coudes. Le contact est d\u00e9licat mais profond, les mouvements sont longs et continus, \u00ab \u00e0 l\u2019image du flux et reflux des vagues du pacifique \u00bb 60&prime; <strong><span class=\"has-inline-color has-luminous-vivid-orange-color\">69\u20ac<\/span><\/strong><\/p>\n<\/details>\n<\/div><\/div>\n\n\n\n<div class=\"wp-block-media-text alignwide is-stacked-on-mobile is-vertically-aligned-top\" style=\"grid-template-columns:26% auto\"><figure class=\"wp-block-media-text__media\"><img loading=\"lazy\" decoding=\"async\" width=\"259\" height=\"194\" src=\"https:\/\/www.institutorientzen.fr\/wp-content\/uploads\/2020\/10\/ORIENTAL.jpg\" alt=\"\" class=\"wp-image-789 size-full\"\/><\/figure><div class=\"wp-block-media-text__content\">\n<details class=\"wp-block-details\"><summary><strong><span class=\"has-inline-color has-black-color is-layout-flow wp-block-details-is-layout-flow\">Modelage &nbsp;oriental:<\/span>&nbsp;<\/strong><\/summary>\n<p><em>A l\u2019issue de ce modelage le corps est d\u00e9fatigu\u00e9 de toutes tensions et \u00ab&nbsp;l\u2019esprit voyage aux pays des milles et une nuits \u00bb.&nbsp;Le modelage oriental se fait des pieds \u00e0 la t\u00eate, il alterne malaxages, p\u00e9trissages, lissages et percussions.&nbsp;<\/em>60&prime; <strong><span class=\"has-inline-color has-luminous-vivid-orange-color\">69\u20ac<\/span><\/strong><\/p>\n<\/details>\n<\/div><\/div>\n\n\n\n<div class=\"wp-block-media-text alignwide is-stacked-on-mobile is-vertically-aligned-top\" style=\"grid-template-columns:26% auto\"><figure class=\"wp-block-media-text__media\"><img loading=\"lazy\" decoding=\"async\" width=\"225\" height=\"225\" src=\"https:\/\/www.institutorientzen.fr\/wp-content\/uploads\/2020\/10\/signature.jpg\" alt=\"\" class=\"wp-image-794 size-full\" srcset=\"https:\/\/www.institutorientzen.fr\/wp-content\/uploads\/2020\/10\/signature.jpg 225w, https:\/\/www.institutorientzen.fr\/wp-content\/uploads\/2020\/10\/signature-150x150.jpg 150w\" sizes=\"auto, (max-width: 225px) 100vw, 225px\" \/><\/figure><div class=\"wp-block-media-text__content\">\n<details class=\"wp-block-details is-layout-flow wp-block-details-is-layout-flow\"><summary><strong>Modelage originel<\/strong><\/summary>\n<p>Ce m<strong>assage est une cr\u00e9ation unique et personnalis\u00e9e, il repose sur 37 ans d\u2019exp\u00e9rience.<\/strong> 69\u20ac 1h <\/p>\n\n\n\n<p><\/p>\n<\/details>\n<\/div><\/div>\n\n\n\n<div class=\"wp-block-media-text alignwide is-stacked-on-mobile is-vertically-aligned-top\" style=\"grid-template-columns:26% auto\"><figure class=\"wp-block-media-text__media\"><img loading=\"lazy\" decoding=\"async\" width=\"225\" height=\"225\" src=\"https:\/\/www.institutorientzen.fr\/wp-content\/uploads\/2020\/10\/kobido.jpg\" alt=\"\" class=\"wp-image-795 size-full\" srcset=\"https:\/\/www.institutorientzen.fr\/wp-content\/uploads\/2020\/10\/kobido.jpg 225w, https:\/\/www.institutorientzen.fr\/wp-content\/uploads\/2020\/10\/kobido-150x150.jpg 150w\" sizes=\"auto, (max-width: 225px) 100vw, 225px\" \/><\/figure><div class=\"wp-block-media-text__content\">\n<details class=\"wp-block-details\"><summary><strong><span class=\"has-inline-color has-black-color\">Massage&nbsp; ancestral inspiration kobido (visage+ \u00e9paules):<\/span><\/strong>&nbsp;60&prime;<strong><span class=\"has-inline-color has-luminous-vivid-orange-color is-layout-flow wp-block-details-is-layout-flow\">69\u20ac<\/span><\/strong> <\/summary>\n<p><em>Lib\u00e8re les tensions, tonifie les muscles. Aide \u00e0 la pr\u00e9vention du rel\u00e2chement et des rides. Efface les effets de la fatigue et du stress, stimule la micro circulation, donne un teint plus lumineux et un regard pos\u00e9. D\u00e9tend l\u2019esprit et procure un apaisement g\u00e9n\u00e9ral.<\/em><\/p>\n<\/details>\n\n\n\n<p><strong>&nbsp;<\/strong><\/p>\n\n\n\n<p><strong><span class=\"has-inline-color has-black-color\">Cours de massage du dos adulte<\/span>&nbsp;<\/strong><em>(en solo ou en duo) avec remise d\u2019un&nbsp;fascicule&nbsp;avec le protocole en fin de s\u00e9ance.*<\/em><\/p>\n\n\n\n<p><strong><span class=\"has-inline-color has-black-color\">Atelier massage B\u00e9b\u00e9 de 3 mois \u00e0 3 ans.*<\/span><\/strong><\/p>\n\n\n\n<ul class=\"wp-block-list\">\n<li>nous consulter pour ces ateliers pour plus de renseignement.<\/li>\n<\/ul>\n<\/div><\/div>\n\n\n\n<p><\/p>\n","protected":false},"excerpt":{"rendered":"","protected":false},"author":1,"featured_media":0,"parent":0,"menu_order":0,"comment_status":"closed","ping_status":"closed","template":"","meta":{"footnotes":""},"class_list":["post-111","page","type-page","status-publish","hentry"],"_links":{"self":[{"href":"https:\/\/www.institutorientzen.fr\/index.php\/wp-json\/wp\/v2\/pages\/111","targetHints":{"allow":["GET"]}}],"collection":[{"href":"https:\/\/www.institutorientzen.fr\/index.php\/wp-json\/wp\/v2\/pages"}],"about":[{"href":"https:\/\/www.institutorientzen.fr\/index.php\/wp-json\/wp\/v2\/types\/page"}],"author":[{"embeddable":true,"href":"https:\/\/www.institutorientzen.fr\/index.php\/wp-json\/wp\/v2\/users\/1"}],"replies":[{"embeddable":true,"href":"https:\/\/www.institutorientzen.fr\/index.php\/wp-json\/wp\/v2\/comments?post=111"}],"version-history":[{"count":60,"href":"https:\/\/www.institutorientzen.fr\/index.php\/wp-json\/wp\/v2\/pages\/111\/revisions"}],"predecessor-version":[{"id":1478,"href":"https:\/\/www.institutorientzen.fr\/index.php\/wp-json\/wp\/v2\/pages\/111\/revisions\/1478"}],"wp:attachment":[{"href":"https:\/\/www.institutorientzen.fr\/index.php\/wp-json\/wp\/v2\/media?parent=111"}],"curies":[{"name":"wp","href":"https:\/\/api.w.org\/{rel}","templated":true}]}}