{"id":130,"date":"2018-10-10T15:27:49","date_gmt":"2018-10-10T13:27:49","guid":{"rendered":"http:\/\/www.institutorientzen.fr\/?page_id=130"},"modified":"2025-10-17T17:16:09","modified_gmt":"2025-10-17T15:16:09","slug":"http-www-institutorientzen-fr-index-php-escale-au-mexique-by-eskalia-2","status":"publish","type":"page","link":"https:\/\/www.institutorientzen.fr\/index.php\/http-www-institutorientzen-fr-index-php-escale-au-mexique-by-eskalia-2\/","title":{"rendered":"ESCALE HIVER EGYPTE 2025 @ESKALIA"},"content":{"rendered":"\n<p><a href=\"https:\/\/www.eskalia.fr\/fr\/1\/1003\/les-escales.html\">Les escales (eskalia.fr)<\/a>  <\/p>\n\n\n\n<p>@Eskalia cosm\u00e9tiques vous ne connaissez pas? Embarquez \u00e0 bord du vol ESKALIA marque qui allie modernit\u00e9, efficacit\u00e9 et cocooning pour vous emmener \u00e0 \u00ab\u00a0<strong>chaque saison<\/strong>\u00a0\u00bb vers de nouveaux horizons.\u00a0Chaque destination est une invitation \u00e0 d\u00e9couvrir le plaisir de voyager gr\u00e2ce \u00e0 vos cinq sens.Chaque saison un soin visage et un massage du corps vous transportent gr\u00e2ce \u00e0 des man\u0153uvres originales.<\/p>\n\n\n\n<blockquote class=\"wp-block-quote is-layout-flow wp-block-quote-is-layout-flow\">\n<p>Avis clients: pour la derni\u00e8re escale  : \u00ab\u00a0<em><strong>un massage \u00e0 la fois puissant, par sa d\u00e9tente musculaire, intense et r\u00e9confortant par les effluves chaudes et la sensation de retour de vitalit\u00e9. Le corps et l&rsquo;esprit sont repos\u00e9s et redynamis\u00e9s<\/strong><\/em>.<\/p>\n<\/blockquote>\n\n\n\n<figure class=\"wp-block-video\"><video height=\"480\" style=\"aspect-ratio: 848 \/ 480;\" width=\"848\" controls src=\"https:\/\/www.institutorientzen.fr\/wp-content\/uploads\/2021\/10\/WhatsApp-Video-2021-10-15-at-11.50.05.mp4\"><\/video><figcaption class=\"wp-element-caption\"><a href=\"https:\/\/www.facebook.com\/Orientzen\/videos\/463601781631332\/\" data-type=\"URL\" data-id=\"https:\/\/www.facebook.com\/Orientzen\/videos\/463601781631332\/\">https:\/\/www.facebook.com\/Orientzen\/videos\/463601781631332\/<\/a><\/figcaption><\/figure>\n\n\n\n<p>Escale \u00e9t\u00e9 .. <\/p>\n\n\n\n<figure class=\"wp-block-embed is-type-video is-provider-youtube wp-block-embed-youtube wp-embed-aspect-16-9 wp-has-aspect-ratio\"><div class=\"wp-block-embed__wrapper\">\n<iframe loading=\"lazy\" title=\"Teaser escale Santorin\" width=\"960\" height=\"540\" src=\"https:\/\/www.youtube.com\/embed\/_ZpwI8ZdGag?feature=oembed\" frameborder=\"0\" allow=\"accelerometer; autoplay; clipboard-write; encrypted-media; gyroscope; picture-in-picture; web-share\" referrerpolicy=\"strict-origin-when-cross-origin\" allowfullscreen><\/iframe>\n<\/div><\/figure>\n\n\n\n<figure class=\"wp-block-embed is-type-video is-provider-youtube wp-block-embed-youtube wp-embed-aspect-16-9 wp-has-aspect-ratio\"><div class=\"wp-block-embed__wrapper\">\n<iframe loading=\"lazy\" title=\"Teaser escale Norv\u00e8ge\" width=\"960\" height=\"540\" src=\"https:\/\/www.youtube.com\/embed\/h_ctRvDjExs?feature=oembed\" frameborder=\"0\" allow=\"accelerometer; autoplay; clipboard-write; encrypted-media; gyroscope; picture-in-picture; web-share\" referrerpolicy=\"strict-origin-when-cross-origin\" allowfullscreen><\/iframe>\n<\/div><\/figure>\n\n\n\n<div class=\"wp-block-buttons is-layout-flex wp-block-buttons-is-layout-flex\">\n<div class=\"wp-block-button\"><a class=\"wp-block-button__link wp-element-button\" href=\"https:\/\/www.institutorientzen.fr\/index.php\/contact\/\">Offrez une escale by Eskalia<\/a><\/div>\n<\/div>\n\n\n\n<blockquote class=\"wp-block-quote is-layout-flow wp-block-quote-is-layout-flow\">\n<p><strong><em>Pour une commande de bon cadeau, un RDV, un contact \u21d2 <\/em><\/strong><a href=\"https:\/\/www.institutorientzen.fr\/index.php\/contact\/\">Prendre RDV \u2013 Contact \u2013 Institut de beaut\u00e9 Orient Zen<\/a><\/p>\n<\/blockquote>\n","protected":false},"excerpt":{"rendered":"<p>Les escales (eskalia.fr) @Eskalia cosm\u00e9tiques vous ne connaissez pas? Embarquez \u00e0 bord du vol ESKALIA marque qui allie modernit\u00e9, efficacit\u00e9 &hellip; <\/p>\n<p><a href=\"https:\/\/www.institutorientzen.fr\/index.php\/http-www-institutorientzen-fr-index-php-escale-au-mexique-by-eskalia-2\/\" class=\"more-link\">Lire la suite<\/a><\/p>\n","protected":false},"author":1,"featured_media":0,"parent":0,"menu_order":0,"comment_status":"closed","ping_status":"closed","template":"","meta":{"footnotes":""},"class_list":["post-130","page","type-page","status-publish","hentry"],"_links":{"self":[{"href":"https:\/\/www.institutorientzen.fr\/index.php\/wp-json\/wp\/v2\/pages\/130","targetHints":{"allow":["GET"]}}],"collection":[{"href":"https:\/\/www.institutorientzen.fr\/index.php\/wp-json\/wp\/v2\/pages"}],"about":[{"href":"https:\/\/www.institutorientzen.fr\/index.php\/wp-json\/wp\/v2\/types\/page"}],"author":[{"embeddable":true,"href":"https:\/\/www.institutorientzen.fr\/index.php\/wp-json\/wp\/v2\/users\/1"}],"replies":[{"embeddable":true,"href":"https:\/\/www.institutorientzen.fr\/index.php\/wp-json\/wp\/v2\/comments?post=130"}],"version-history":[{"count":41,"href":"https:\/\/www.institutorientzen.fr\/index.php\/wp-json\/wp\/v2\/pages\/130\/revisions"}],"predecessor-version":[{"id":1394,"href":"https:\/\/www.institutorientzen.fr\/index.php\/wp-json\/wp\/v2\/pages\/130\/revisions\/1394"}],"wp:attachment":[{"href":"https:\/\/www.institutorientzen.fr\/index.php\/wp-json\/wp\/v2\/media?parent=130"}],"curies":[{"name":"wp","href":"https:\/\/api.w.org\/{rel}","templated":true}]}}