{"id":73,"date":"2018-10-10T12:22:33","date_gmt":"2018-10-10T10:22:33","guid":{"rendered":"http:\/\/www.institutorientzen.fr\/?page_id=73"},"modified":"2025-10-18T10:44:30","modified_gmt":"2025-10-18T08:44:30","slug":"soins-du-visage","status":"publish","type":"page","link":"https:\/\/www.institutorientzen.fr\/index.php\/soins-du-visage\/","title":{"rendered":"SOINS DU VISAGE"},"content":{"rendered":"<p><img loading=\"lazy\" decoding=\"async\" class=\"size-medium wp-image-80 alignnone\" src=\"http:\/\/www.institutorientzen.fr\/wp-content\/uploads\/2018\/10\/ivan-acedo-1083871-unsplash-240x300.jpg\" alt=\"\" width=\"240\" height=\"300\" srcset=\"https:\/\/www.institutorientzen.fr\/wp-content\/uploads\/2018\/10\/ivan-acedo-1083871-unsplash-240x300.jpg 240w, https:\/\/www.institutorientzen.fr\/wp-content\/uploads\/2018\/10\/ivan-acedo-1083871-unsplash-768x960.jpg 768w, https:\/\/www.institutorientzen.fr\/wp-content\/uploads\/2018\/10\/ivan-acedo-1083871-unsplash-819x1024.jpg 819w\" sizes=\"auto, (max-width: 240px) 100vw, 240px\" \/><\/p>\n<hr \/>\n<ul>\n<li><strong><span style=\"color: #ff6600;\">@<\/span> <\/strong>S<strong>oin du Visage Jadea ou Eskalia <\/strong><\/li>\n<li><strong>mixtes \u00e0 grasses, effet anti-\u00e2ge ou hydratant, nourrissant <\/strong><strong>30\u2019<\/strong>: 32 \u20ac<\/li>\n<li><span style=\"color: #99cc00;\">Nettoyage de peau, gommage, masque ou modelage\/massage facial<\/span><\/li>\n<li><strong>Ou<\/strong> <span style=\"color: #99cc00;\">3 gommages visage anti-\u00e2ge <span style=\"color: #000000;\"><strong>30&prime;<\/strong><\/span> 32\u20ac<\/span><\/li>\n<li><strong><span style=\"color: #ff6600;\">@<\/span> Soin visage et cou <\/strong>effet longue dur\u00e9e <strong>45\u2019<\/strong>: 52 \u20ac<\/li>\n<li><span style=\"color: #99cc00;\">Nettoyage de peau, gommage, masque + modelage\/massage facial<\/span><\/li>\n<li><span style=\"color: #ff6600;\"><strong>@<\/strong><\/span> <strong>Soin visage et cou \u00ab\u00a0sur mesure\u00a0\u00bb en fonction de la saison inspiration du monde by ESKALIA 60&prime; 64 \u20ac<\/strong><\/li>\n<li><span style=\"color: #99cc00;\">Nettoyage de peau, gommage, masque + modelage\/massage facial<\/span><\/li>\n<li><strong><span style=\"color: #ff6600;\">@<\/span> Soin visage sp\u00e9cifique @JADEA Nourrir et\/ou<\/strong>\u00a0<strong>anti \u00e2ge &#8211;<\/strong> <strong>peaux mixtes \u00e0 grasses\/ points noirs<\/strong> 75<strong>&lsquo;<\/strong>: <strong>84 \u20ac<\/strong><\/li>\n<li><span style=\"color: #99cc00;\">Soin complet avec nettoyage, gommage sp\u00e9cifique visage, massage sp\u00e9cifique Jadea, masque, soin contour yeux et massage \u00e0 la pierre de Jade.<\/span><\/li>\n<li><span style=\"color: #000000;\">Pour chaque soin, des produits s\u00e9lectionn\u00e9s selon le r\u00e9sultat recherch\u00e9. Un soin adapt\u00e9 \u00e0 chaque type de peau: s\u00e9borrh\u00e9ique, d\u00e9shydrat\u00e9e, sensible etc&#8230;<\/span><\/li>\n<\/ul>\n<hr \/>\n\n\n<blockquote class=\"wp-block-quote is-layout-flow wp-block-quote-is-layout-flow\">\n<p><strong><em>Pour des id\u00e9es cadeaux de no\u00ebl ou d&rsquo;anniversaire, ou les offres et nouveaut\u00e9s du moment: cliquez par ici ..\u21d2 <\/em><\/strong><a href=\"https:\/\/www.institutorientzen.fr\/index.php\/nouveautes-et-bons-plans-beaute\/\">infos et offres du moment \u2013 Institut de beaut\u00e9 Orient Zen (institutorientzen.fr)<\/a><\/p>\n<\/blockquote>\n\n\n\n<p><\/p>\n","protected":false},"excerpt":{"rendered":"<p>@ Soin du Visage Jadea ou Eskalia mixtes \u00e0 grasses, effet anti-\u00e2ge ou hydratant, nourrissant 30\u2019: 32 \u20ac Nettoyage de &hellip; <\/p>\n<p><a href=\"https:\/\/www.institutorientzen.fr\/index.php\/soins-du-visage\/\" class=\"more-link\">Lire la suite<\/a><\/p>\n","protected":false},"author":1,"featured_media":0,"parent":0,"menu_order":0,"comment_status":"closed","ping_status":"closed","template":"","meta":{"footnotes":""},"class_list":["post-73","page","type-page","status-publish","hentry"],"_links":{"self":[{"href":"https:\/\/www.institutorientzen.fr\/index.php\/wp-json\/wp\/v2\/pages\/73","targetHints":{"allow":["GET"]}}],"collection":[{"href":"https:\/\/www.institutorientzen.fr\/index.php\/wp-json\/wp\/v2\/pages"}],"about":[{"href":"https:\/\/www.institutorientzen.fr\/index.php\/wp-json\/wp\/v2\/types\/page"}],"author":[{"embeddable":true,"href":"https:\/\/www.institutorientzen.fr\/index.php\/wp-json\/wp\/v2\/users\/1"}],"replies":[{"embeddable":true,"href":"https:\/\/www.institutorientzen.fr\/index.php\/wp-json\/wp\/v2\/comments?post=73"}],"version-history":[{"count":17,"href":"https:\/\/www.institutorientzen.fr\/index.php\/wp-json\/wp\/v2\/pages\/73\/revisions"}],"predecessor-version":[{"id":1413,"href":"https:\/\/www.institutorientzen.fr\/index.php\/wp-json\/wp\/v2\/pages\/73\/revisions\/1413"}],"wp:attachment":[{"href":"https:\/\/www.institutorientzen.fr\/index.php\/wp-json\/wp\/v2\/media?parent=73"}],"curies":[{"name":"wp","href":"https:\/\/api.w.org\/{rel}","templated":true}]}}